{"id":1404,"date":"2025-07-11T09:25:51","date_gmt":"2025-07-11T07:25:51","guid":{"rendered":"https:\/\/hatice-baran.com\/?page_id=1404"},"modified":"2025-07-11T09:34:45","modified_gmt":"2025-07-11T07:34:45","slug":"ueber-mich","status":"publish","type":"page","link":"https:\/\/hatice-baran.com\/tr\/ueber-mich\/","title":{"rendered":"Hakk\u0131mda"},"content":{"rendered":"<div data-elementor-type=\"wp-page\" data-elementor-id=\"1404\" class=\"elementor elementor-1404\">\n\t\t\t\t<div class=\"elementor-element elementor-element-843791c e-flex e-con-boxed wpr-particle-no wpr-jarallax-no wpr-parallax-no wpr-sticky-section-no wpr-equal-height-no e-con e-parent\" data-id=\"843791c\" data-element_type=\"container\" data-e-type=\"container\">\n\t\t\t\t\t<div class=\"e-con-inner\">\n\t\t\t\t<div class=\"elementor-element elementor-element-bf96d59 elementor-widget elementor-widget-image\" data-id=\"bf96d59\" data-element_type=\"widget\" data-e-type=\"widget\" data-widget_type=\"image.default\">\n\t\t\t\t<div class=\"elementor-widget-container\">\n\t\t\t\t\t\t\t\t\t\t\t\t\t\t\t<img decoding=\"async\" width=\"150\" height=\"150\" src=\"https:\/\/hatice-baran.com\/wp-content\/uploads\/2025\/06\/ChatGPT-Image-24-Haz-2025-11_42_20-150x150.png\" class=\"attachment-thumbnail size-thumbnail wp-image-830\" alt=\"\" srcset=\"https:\/\/hatice-baran.com\/wp-content\/uploads\/2025\/06\/ChatGPT-Image-24-Haz-2025-11_42_20-150x150.png 150w, https:\/\/hatice-baran.com\/wp-content\/uploads\/2025\/06\/ChatGPT-Image-24-Haz-2025-11_42_20-300x300.png 300w, https:\/\/hatice-baran.com\/wp-content\/uploads\/2025\/06\/ChatGPT-Image-24-Haz-2025-11_42_20-768x768.png 768w, https:\/\/hatice-baran.com\/wp-content\/uploads\/2025\/06\/ChatGPT-Image-24-Haz-2025-11_42_20.png 1024w\" sizes=\"(max-width: 150px) 100vw, 150px\" \/>\t\t\t\t\t\t\t\t\t\t\t\t\t\t\t<\/div>\n\t\t\t\t<\/div>\n\t\t\t\t<div class=\"elementor-element elementor-element-417d80e elementor-widget elementor-widget-heading\" data-id=\"417d80e\" data-element_type=\"widget\" data-e-type=\"widget\" data-widget_type=\"heading.default\">\n\t\t\t\t<div class=\"elementor-widget-container\">\n\t\t\t\t\t<h3 class=\"elementor-heading-title elementor-size-default\">Merhaba, ben Hatice<\/h3>\t\t\t\t<\/div>\n\t\t\t\t<\/div>\n\t\t\t\t<div class=\"elementor-element elementor-element-26d8a74 elementor-widget elementor-widget-text-editor\" data-id=\"26d8a74\" data-element_type=\"widget\" data-e-type=\"widget\" data-widget_type=\"text-editor.default\">\n\t\t\t\t<div class=\"elementor-widget-container\">\n\t\t\t\t\t\t\t\t\t<p data-start=\"177\" data-end=\"632\">\u00c7ocuklar\u0131n i\u00e7 d\u00fcnyas\u0131na duydu\u011fum derin ilgi ve insanlara e\u015flik etme arzusu beni 2012 y\u0131l\u0131nda tamamlad\u0131\u011f\u0131m Psikolojik Dan\u0131\u015fmanl\u0131k ve Okul Rehberli\u011fi (PDR) e\u011fitimine y\u00f6nlendirdi. Daha sonra be\u015f y\u0131l boyunca Milli E\u011fitim Bakanl\u0131\u011f\u0131'nda \u00f6\u011fretmen olarak \u00e7al\u0131\u015ft\u0131m. Daha sonra ailemle birlikte y\u00f6netti\u011fim bir kre\u015f kurdum  bu bana hem e\u011fitim hem de organizasyon deneyimi kazand\u0131ran bi\u00e7imlendirici bir d\u00f6nem oldu.<\/p><p data-start=\"634\" data-end=\"985\">Almanya'ya g\u00f6\u00e7 ettikten sonra 2,5 y\u0131l e\u011fitimci olarak \u00e7al\u0131\u015ft\u0131m ve oyun terapisi, aile dan\u0131\u015fmanl\u0131\u011f\u0131 ve zeka geli\u015fimi e\u011fitimlerime devam ettim. Bug\u00fcn, bir anne, e\u011fitimci ve bu blogun yazar\u0131 olarak kalbimi ve deneyimimi oyun yoluyla \u00f6\u011frenme, dijital becerileri kitaplar\u0131 sevdirmeyi ve \u00e7ocuk geli\u015fimi gibi konulara adad\u0131m.<\/p>\t\t\t\t\t\t\t\t<\/div>\n\t\t\t\t<\/div>\n\t\t\t\t\t<\/div>\n\t\t\t\t<\/div>\n\t\t\t\t<\/div>","protected":false},"excerpt":{"rendered":"<p>Hallo, ich bin Hatice Ein tiefes Interesse an der inneren Welt von Kindern und der Wunsch, Menschen zu begleiten, f\u00fchrten mich zum Studium der Psychologischen Beratung und Schulischen Orientierung (PDR), das ich 2012 abschloss. Danach arbeitete ich f\u00fcnf Jahre als Lehrerin im t\u00fcrkischen Bildungsministerium. Sp\u00e4ter gr\u00fcndete ich mit meiner Familie eine Kindertagesst\u00e4tte, die ich leitete \u2013 eine pr\u00e4gende Zeit, die mir neben p\u00e4dagogischer auch organisatorische Erfahrung brachte. Nach unserer Auswanderung nach Deutschland war ich 2,5 Jahre als Erzieherin t\u00e4tig und bildete mich kontinuierlich in Spieltherapie, Familienberatung und Intelligenzf\u00f6rderung weiter. Heute widme ich mich mit Herz und Erfahrung Themen wie spielerischem Lernen, Medienkompetenz und kindlicher Entwicklung \u2013 als Mutter, P\u00e4dagogin und Autorin dieses Blogs.<\/p>","protected":false},"author":1,"featured_media":0,"parent":0,"menu_order":3,"comment_status":"closed","ping_status":"closed","template":"","meta":{"site-sidebar-layout":"no-sidebar","site-content-layout":"page-builder","ast-site-content-layout":"full-width-container","site-content-style":"default","site-sidebar-style":"default","ast-global-header-display":"","ast-banner-title-visibility":"","ast-main-header-display":"","ast-hfb-above-header-display":"","ast-hfb-below-header-display":"","ast-hfb-mobile-header-display":"","site-post-title":"disabled","ast-breadcrumbs-content":"","ast-featured-img":"disabled","footer-sml-layout":"","ast-disable-related-posts":"","theme-transparent-header-meta":"","adv-header-id-meta":"","stick-header-meta":"","header-above-stick-meta":"","header-main-stick-meta":"","header-below-stick-meta":"","astra-migrate-meta-layouts":"set","ast-page-background-enabled":"default","ast-page-background-meta":{"desktop":{"background-color":"","background-image":"","background-repeat":"repeat","background-position":"center center","background-size":"auto","background-attachment":"scroll","background-type":"","background-media":"","overlay-type":"","overlay-color":"","overlay-opacity":"","overlay-gradient":""},"tablet":{"background-color":"","background-image":"","background-repeat":"repeat","background-position":"center center","background-size":"auto","background-attachment":"scroll","background-type":"","background-media":"","overlay-type":"","overlay-color":"","overlay-opacity":"","overlay-gradient":""},"mobile":{"background-color":"","background-image":"","background-repeat":"repeat","background-position":"center center","background-size":"auto","background-attachment":"scroll","background-type":"","background-media":"","overlay-type":"","overlay-color":"","overlay-opacity":"","overlay-gradient":""}},"ast-content-background-meta":{"desktop":{"background-color":"var(--ast-global-color-5)","background-image":"","background-repeat":"repeat","background-position":"center center","background-size":"auto","background-attachment":"scroll","background-type":"","background-media":"","overlay-type":"","overlay-color":"","overlay-opacity":"","overlay-gradient":""},"tablet":{"background-color":"var(--ast-global-color-5)","background-image":"","background-repeat":"repeat","background-position":"center center","background-size":"auto","background-attachment":"scroll","background-type":"","background-media":"","overlay-type":"","overlay-color":"","overlay-opacity":"","overlay-gradient":""},"mobile":{"background-color":"var(--ast-global-color-5)","background-image":"","background-repeat":"repeat","background-position":"center center","background-size":"auto","background-attachment":"scroll","background-type":"","background-media":"","overlay-type":"","overlay-color":"","overlay-opacity":"","overlay-gradient":""}},"footnotes":""},"class_list":["post-1404","page","type-page","status-publish","hentry"],"_links":{"self":[{"href":"https:\/\/hatice-baran.com\/tr\/wp-json\/wp\/v2\/pages\/1404","targetHints":{"allow":["GET"]}}],"collection":[{"href":"https:\/\/hatice-baran.com\/tr\/wp-json\/wp\/v2\/pages"}],"about":[{"href":"https:\/\/hatice-baran.com\/tr\/wp-json\/wp\/v2\/types\/page"}],"author":[{"embeddable":true,"href":"https:\/\/hatice-baran.com\/tr\/wp-json\/wp\/v2\/users\/1"}],"replies":[{"embeddable":true,"href":"https:\/\/hatice-baran.com\/tr\/wp-json\/wp\/v2\/comments?post=1404"}],"version-history":[{"count":7,"href":"https:\/\/hatice-baran.com\/tr\/wp-json\/wp\/v2\/pages\/1404\/revisions"}],"predecessor-version":[{"id":1415,"href":"https:\/\/hatice-baran.com\/tr\/wp-json\/wp\/v2\/pages\/1404\/revisions\/1415"}],"wp:attachment":[{"href":"https:\/\/hatice-baran.com\/tr\/wp-json\/wp\/v2\/media?parent=1404"}],"curies":[{"name":"wp","href":"https:\/\/api.w.org\/{rel}","templated":true}]}}