{"id":650,"date":"2025-06-23T11:06:04","date_gmt":"2025-06-23T11:06:04","guid":{"rendered":"https:\/\/hatice-baran.com\/home\/"},"modified":"2025-07-18T22:00:47","modified_gmt":"2025-07-18T20:00:47","slug":"home","status":"publish","type":"page","link":"https:\/\/hatice-baran.com\/tr\/","title":{"rendered":"Anasayfa"},"content":{"rendered":"<div data-elementor-type=\"wp-page\" data-elementor-id=\"650\" class=\"elementor elementor-650\">\n\t\t\t\t<div class=\"elementor-element elementor-element-55a93d8 e-con-full e-flex wpr-particle-no wpr-jarallax-no wpr-parallax-no wpr-sticky-section-no wpr-equal-height-no e-con e-parent\" data-id=\"55a93d8\" data-element_type=\"container\" data-e-type=\"container\">\n\t\t\t\t<div class=\"elementor-element elementor-element-c2b22ca elementor-widget elementor-widget-heading\" data-id=\"c2b22ca\" data-element_type=\"widget\" data-e-type=\"widget\" data-widget_type=\"heading.default\">\n\t\t\t\t<div class=\"elementor-widget-container\">\n\t\t\t\t\t<h2 class=\"elementor-heading-title elementor-size-default\">Odak Noktam\u0131z \u00c7ocuk<\/h2>\t\t\t\t<\/div>\n\t\t\t\t<\/div>\n\t\t\t\t<div class=\"elementor-element elementor-element-1eabec4 elementor-widget elementor-widget-heading\" data-id=\"1eabec4\" data-element_type=\"widget\" data-e-type=\"widget\" data-widget_type=\"heading.default\">\n\t\t\t\t<div class=\"elementor-widget-container\">\n\t\t\t\t\t<h3 class=\"elementor-heading-title elementor-size-default\">Ho\u015f Geldiniz Blo\u011fuma<\/h3>\t\t\t\t<\/div>\n\t\t\t\t<\/div>\n\t\t\t\t<div class=\"elementor-element elementor-element-9b86eb5 elementor-widget elementor-widget-heading\" data-id=\"9b86eb5\" data-element_type=\"widget\" data-e-type=\"widget\" data-widget_type=\"heading.default\">\n\t\t\t\t<div class=\"elementor-widget-container\">\n\t\t\t\t\t<h3 class=\"elementor-heading-title elementor-size-default\">\u00c7ocuk Oyun ve \u00c7ocuk Geli\u015fimi \u00fczerine bir blog<\/h3>\t\t\t\t<\/div>\n\t\t\t\t<\/div>\n\t\t\t\t<div class=\"elementor-element elementor-element-fd6f569 elementor-widget elementor-widget-text-editor\" data-id=\"fd6f569\" data-element_type=\"widget\" data-e-type=\"widget\" data-widget_type=\"text-editor.default\">\n\t\t\t\t<div class=\"elementor-widget-container\">\n\t\t\t\t\t\t\t\t\t<p><strong>Bu blog \u00e7ocuklara e\u015flik etmek, onlar\u0131 anlamak ve g\u00fc\u00e7lendirmek isteyen herkese y\u00f6neliktir<\/strong><strong style=\"font-style: inherit;\">\u0130ster bir ebeveyn, ister bir e\u011fitimci ya da sadece gelecek nesillere g\u00f6n\u00fcl vermi\u015f bir ki\u015fi olarak.<\/strong><\/p><p><strong>Burada her \u015fey \u015fu soru etraf\u0131nda d\u00f6n\u00fcyor: \u00c7ocuklar\u0131 a\u015f\u0131r\u0131 zorlamadan b\u00fct\u00fcnsel olarak nas\u0131l destekleyebiliriz?<\/strong><\/p>\t\t\t\t\t\t\t\t<\/div>\n\t\t\t\t<\/div>\n\t\t\t\t<div class=\"elementor-element elementor-element-26ed24d elementor-widget elementor-widget-text-editor\" data-id=\"26ed24d\" data-element_type=\"widget\" data-e-type=\"widget\" data-widget_type=\"text-editor.default\">\n\t\t\t\t<div class=\"elementor-widget-container\">\n\t\t\t\t\t\t\t\t\t<h4 data-start=\"2090\" data-end=\"2126\">\ud83c\udfaf \u201cOdaktaki \u00c7ocuk\u201d ne anlama geliyor?<\/h4><p data-start=\"2128\" data-end=\"2363\">Benim i\u00e7in, \u201codakta \u00e7ocuk\u201d \u015fu anlama geliyor<br data-start=\"2159\" data-end=\"2162\" \/>\u27a1\ufe0f \u00c7ocuklar\u0131n benzersizli\u011fini kabul etmek<br data-start=\"2207\" data-end=\"2210\" \/>\u27a1\ufe0f Geli\u015fimi h\u0131zland\u0131rmay\u0131n, ona e\u015flik edin<br data-start=\"2263\" data-end=\"2266\" \/>\u27a1\ufe0f Oyun \u00f6\u011frenmenin anahtar\u0131 olarak g\u00f6rmek<br data-start=\"2311\" data-end=\"2314\" \/>\u27a1\ufe0f E\u011fitimi bask\u0131 ile de\u011fil ili\u015fki ile d\u00fc\u015f\u00fcn\u00fcn<\/p>\t\t\t\t\t\t\t\t<\/div>\n\t\t\t\t<\/div>\n\t\t\t\t<div class=\"elementor-element elementor-element-328452d elementor-widget elementor-widget-button\" data-id=\"328452d\" data-element_type=\"widget\" data-e-type=\"widget\" data-widget_type=\"button.default\">\n\t\t\t\t<div class=\"elementor-widget-container\">\n\t\t\t\t\t\t\t\t\t<div class=\"elementor-button-wrapper\">\n\t\t\t\t\t<a class=\"elementor-button elementor-button-link elementor-size-sm\" href=\"https:\/\/hatice-baran.com\/tr\/blog\/\">\n\t\t\t\t\t\t<span class=\"elementor-button-content-wrapper\">\n\t\t\t\t\t\t<span class=\"elementor-button-icon\">\n\t\t\t\t<i aria-hidden=\"true\" class=\"far fa-arrow-alt-circle-right\"><\/i>\t\t\t<\/span>\n\t\t\t\t\t\t\t\t\t<span class=\"elementor-button-text\">daha fazlas\u0131 oku<\/span>\n\t\t\t\t\t<\/span>\n\t\t\t\t\t<\/a>\n\t\t\t\t<\/div>\n\t\t\t\t\t\t\t\t<\/div>\n\t\t\t\t<\/div>\n\t\t\t\t<\/div>\n\t\t<div class=\"elementor-element elementor-element-dca7d66 e-flex e-con-boxed wpr-particle-no wpr-jarallax-no wpr-parallax-no wpr-sticky-section-no wpr-equal-height-no e-con e-parent\" data-id=\"dca7d66\" data-element_type=\"container\" data-e-type=\"container\" data-settings=\"{&quot;shape_divider_bottom&quot;:&quot;waves&quot;}\">\n\t\t\t\t\t<div class=\"e-con-inner\">\n\t\t\t\t<div class=\"elementor-shape elementor-shape-bottom\" aria-hidden=\"true\" data-negative=\"false\">\n\t\t\t<svg xmlns=\"http:\/\/www.w3.org\/2000\/svg\" viewbox=\"0 0 1000 100\" preserveaspectratio=\"none\">\n\t<path class=\"elementor-shape-fill\" d=\"M421.9,6.5c22.6-2.5,51.5,0.4,75.5,5.3c23.6,4.9,70.9,23.5,100.5,35.7c75.8,32.2,133.7,44.5,192.6,49.7\tc23.6,2.1,48.7,3.5,103.4-2.5c54.7-6,106.2-25.6,106.2-25.6V0H0v30.3c0,0,72,32.6,158.4,30.5c39.2-0.7,92.8-6.7,134-22.4\tc21.2-8.1,52.2-18.2,79.7-24.2C399.3,7.9,411.6,7.5,421.9,6.5z\"\/>\n<\/svg>\t\t<\/div>\n\t\t<div class=\"elementor-element elementor-element-9b5e8aa e-con-full e-flex wpr-particle-no wpr-jarallax-no wpr-parallax-no wpr-sticky-section-no wpr-equal-height-no e-con e-child\" data-id=\"9b5e8aa\" data-element_type=\"container\" data-e-type=\"container\">\n\t\t<div class=\"elementor-element elementor-element-9f2391b e-flex e-con-boxed wpr-particle-no wpr-jarallax-no wpr-parallax-no wpr-sticky-section-no wpr-equal-height-no e-con e-child\" data-id=\"9f2391b\" data-element_type=\"container\" data-e-type=\"container\">\n\t\t\t\t\t<div class=\"e-con-inner\">\n\t\t<div class=\"elementor-element elementor-element-a6f9734 e-con-full e-flex wpr-particle-no wpr-jarallax-no wpr-parallax-no wpr-sticky-section-no wpr-equal-height-no e-con e-child\" data-id=\"a6f9734\" data-element_type=\"container\" data-e-type=\"container\">\n\t\t\t\t<div class=\"elementor-element elementor-element-35b887f elementor-widget elementor-widget-heading\" data-id=\"35b887f\" data-element_type=\"widget\" data-e-type=\"widget\" data-widget_type=\"heading.default\">\n\t\t\t\t<div class=\"elementor-widget-container\">\n\t\t\t\t\t<h2 class=\"elementor-heading-title elementor-size-default\">Oyun- Kitap- Dijital Oyunlar<\/h2>\t\t\t\t<\/div>\n\t\t\t\t<\/div>\n\t\t\t\t<\/div>\n\t\t\t\t\t<\/div>\n\t\t\t\t<\/div>\n\t\t<div class=\"elementor-element elementor-element-d993fd3 e-flex e-con-boxed wpr-particle-no wpr-jarallax-no wpr-parallax-no wpr-sticky-section-no wpr-equal-height-no e-con e-child\" data-id=\"d993fd3\" data-element_type=\"container\" data-e-type=\"container\">\n\t\t\t\t\t<div class=\"e-con-inner\">\n\t\t<div class=\"elementor-element elementor-element-d5b5a51 e-con-full e-flex wpr-particle-no wpr-jarallax-no wpr-parallax-no wpr-sticky-section-no wpr-equal-height-no e-con e-child\" data-id=\"d5b5a51\" data-element_type=\"container\" data-e-type=\"container\" data-settings=\"{&quot;background_background&quot;:&quot;classic&quot;}\">\n\t\t\t\t<div class=\"elementor-element elementor-element-cbbf01d elementor-widget elementor-widget-image\" data-id=\"cbbf01d\" data-element_type=\"widget\" data-e-type=\"widget\" data-widget_type=\"image.default\">\n\t\t\t\t<div class=\"elementor-widget-container\">\n\t\t\t\t\t\t\t\t\t\t\t\t\t\t\t<img fetchpriority=\"high\" decoding=\"async\" width=\"480\" height=\"640\" src=\"https:\/\/hatice-baran.com\/wp-content\/uploads\/IMG_3313-rotated.jpg\" class=\"attachment-full size-full wp-image-1693\" alt=\"\" srcset=\"https:\/\/hatice-baran.com\/wp-content\/uploads\/IMG_3313-rotated.jpg 480w, https:\/\/hatice-baran.com\/wp-content\/uploads\/IMG_3313-225x300.jpg 225w\" sizes=\"(max-width: 480px) 100vw, 480px\" \/>\t\t\t\t\t\t\t\t\t\t\t\t\t\t\t<\/div>\n\t\t\t\t<\/div>\n\t\t\t\t<div class=\"elementor-element elementor-element-e5d204a elementor-widget__width-initial elementor-widget elementor-widget-hfe-infocard\" data-id=\"e5d204a\" data-element_type=\"widget\" data-e-type=\"widget\" data-widget_type=\"hfe-infocard.default\">\n\t\t\t\t<div class=\"elementor-widget-container\">\n\t\t\t\t\t\n\t\t<div class=\"hfe-infocard\">\n\t\t\t\t\t\t\t\t\t<div class=\"hfe-infocard-title-wrap\">\n\t\t\t\t<h4 class=\"hfe-infocard-title elementor-inline-editing\" data-elementor-setting-key=\"infocard_title\" data-elementor-inline-editing-toolbar=\"basic\" >Oyun- Oyun D\u00fcnyas\u0131 <\/h4>\t\t\t<\/div>\n\t\t\t\t\t\t<div class=\"hfe-infocard-text-wrap\">\n\t\t\t\t<div class=\"hfe-infocard-text elementor-inline-editing\" data-elementor-setting-key=\"infocard_description\" data-elementor-inline-editing-toolbar=\"advanced\">\n\t\t\t\t\t \u00c7ocuklar sadece oyun oynamazlar i\u015flerler, ke\u015ffederler ve b\u00fcy\u00fcrler. Bu b\u00f6l\u00fcmde, \u00f6zg\u00fcr, yarat\u0131c\u0131 ve geli\u015fimi destekleyen oyunla ilgili fikirler, d\u00fc\u015f\u00fcnceler ve d\u00fcrt\u00fcler bulacaks\u0131n\u0131z.\t\t\t\t<\/div>\n\t\t\t\t\t\t\t<\/div>\n\t\t<\/div>\n\n\t\t\t\t\t\t<\/div>\n\t\t\t\t<\/div>\n\t\t\t\t<div class=\"elementor-element elementor-element-24c01bf elementor-widget elementor-widget-button\" data-id=\"24c01bf\" data-element_type=\"widget\" data-e-type=\"widget\" data-widget_type=\"button.default\">\n\t\t\t\t<div class=\"elementor-widget-container\">\n\t\t\t\t\t\t\t\t\t<div class=\"elementor-button-wrapper\">\n\t\t\t\t\t<a class=\"elementor-button elementor-button-link elementor-size-sm\" href=\"https:\/\/hatice-baran.com\/tr\/kinder-und-das-spiel-2\/\">\n\t\t\t\t\t\t<span class=\"elementor-button-content-wrapper\">\n\t\t\t\t\t\t<span class=\"elementor-button-icon\">\n\t\t\t\t<i aria-hidden=\"true\" class=\"fas fa-long-arrow-alt-right\"><\/i>\t\t\t<\/span>\n\t\t\t\t\t\t\t\t\t<span class=\"elementor-button-text\">devam oku<\/span>\n\t\t\t\t\t<\/span>\n\t\t\t\t\t<\/a>\n\t\t\t\t<\/div>\n\t\t\t\t\t\t\t\t<\/div>\n\t\t\t\t<\/div>\n\t\t\t\t<\/div>\n\t\t<div class=\"elementor-element elementor-element-2528366 e-con-full e-flex wpr-particle-no wpr-jarallax-no wpr-parallax-no wpr-sticky-section-no wpr-equal-height-no e-con e-child\" data-id=\"2528366\" data-element_type=\"container\" data-e-type=\"container\" data-settings=\"{&quot;background_background&quot;:&quot;classic&quot;}\">\n\t\t\t\t<div class=\"elementor-element elementor-element-9f6daa2 elementor-widget elementor-widget-image\" data-id=\"9f6daa2\" data-element_type=\"widget\" data-e-type=\"widget\" data-widget_type=\"image.default\">\n\t\t\t\t<div class=\"elementor-widget-container\">\n\t\t\t\t\t\t\t\t\t\t\t\t\t\t\t<img decoding=\"async\" width=\"800\" height=\"1060\" src=\"https:\/\/hatice-baran.com\/wp-content\/uploads\/IMG_3079-1-1-1.jpg\" class=\"attachment-full size-full wp-image-872\" alt=\"\" srcset=\"https:\/\/hatice-baran.com\/wp-content\/uploads\/IMG_3079-1-1-1.jpg 800w, https:\/\/hatice-baran.com\/wp-content\/uploads\/IMG_3079-1-1-1-226x300.jpg 226w, https:\/\/hatice-baran.com\/wp-content\/uploads\/IMG_3079-1-1-1-773x1024.jpg 773w, https:\/\/hatice-baran.com\/wp-content\/uploads\/IMG_3079-1-1-1-768x1018.jpg 768w\" sizes=\"(max-width: 800px) 100vw, 800px\" \/>\t\t\t\t\t\t\t\t\t\t\t\t\t\t\t<\/div>\n\t\t\t\t<\/div>\n\t\t\t\t<div class=\"elementor-element elementor-element-04d3a2b elementor-widget__width-initial elementor-widget elementor-widget-hfe-infocard\" data-id=\"04d3a2b\" data-element_type=\"widget\" data-e-type=\"widget\" data-widget_type=\"hfe-infocard.default\">\n\t\t\t\t<div class=\"elementor-widget-container\">\n\t\t\t\t\t\n\t\t<div class=\"hfe-infocard\">\n\t\t\t\t\t\t\t\t\t<div class=\"hfe-infocard-title-wrap\">\n\t\t\t\t<h4 class=\"hfe-infocard-title elementor-inline-editing\" data-elementor-setting-key=\"infocard_title\" data-elementor-inline-editing-toolbar=\"basic\" >\u00c7ocu\u011fuma okuma al\u0131\u015fkanl\u0131\u011f\u0131n\u0131 nas\u0131l kazand\u0131r\u0131r\u0131m ? <\/h4>\t\t\t<\/div>\n\t\t\t\t\t\t<div class=\"hfe-infocard-text-wrap\">\n\t\t\t\t<div class=\"hfe-infocard-text elementor-inline-editing\" data-elementor-setting-key=\"infocard_description\" data-elementor-inline-editing-toolbar=\"advanced\">\n\t\t\t\t\tErken okuma sadece dil geli\u015fimini de\u011fil, ayn\u0131 zamanda duygusal ve sosyal olgunlu\u011fu da destekler. D\u00fczenli olarak kitap dinleyen veya kendi kendine okuyan \u00e7ocuklar kelime da\u011farc\u0131klar\u0131n\u0131 geni\u015fletir, kendilerini daha iyi ifade etmeyi \u00f6\u011frenir ve empati duygular\u0131n\u0131 g\u00fc\u00e7lendirir. \t\t\t\t<\/div>\n\t\t\t\t\t\t\t<\/div>\n\t\t<\/div>\n\n\t\t\t\t\t\t<\/div>\n\t\t\t\t<\/div>\n\t\t\t\t<div class=\"elementor-element elementor-element-1f1b1df elementor-widget elementor-widget-button\" data-id=\"1f1b1df\" data-element_type=\"widget\" data-e-type=\"widget\" data-widget_type=\"button.default\">\n\t\t\t\t<div class=\"elementor-widget-container\">\n\t\t\t\t\t\t\t\t\t<div class=\"elementor-button-wrapper\">\n\t\t\t\t\t<a class=\"elementor-button elementor-button-link elementor-size-sm\" href=\"https:\/\/hatice-baran.com\/tr\/wie-gewoehne-ich-mein-kind-ans-lesen\/\" target=\"_blank\">\n\t\t\t\t\t\t<span class=\"elementor-button-content-wrapper\">\n\t\t\t\t\t\t<span class=\"elementor-button-icon\">\n\t\t\t\t<i aria-hidden=\"true\" class=\"fas fa-long-arrow-alt-right\"><\/i>\t\t\t<\/span>\n\t\t\t\t\t\t\t\t\t<span class=\"elementor-button-text\">devam oku<\/span>\n\t\t\t\t\t<\/span>\n\t\t\t\t\t<\/a>\n\t\t\t\t<\/div>\n\t\t\t\t\t\t\t\t<\/div>\n\t\t\t\t<\/div>\n\t\t\t\t<\/div>\n\t\t<div class=\"elementor-element elementor-element-d113804 e-con-full e-flex wpr-particle-no wpr-jarallax-no wpr-parallax-no wpr-sticky-section-no wpr-equal-height-no e-con e-child\" data-id=\"d113804\" data-element_type=\"container\" data-e-type=\"container\" data-settings=\"{&quot;background_background&quot;:&quot;classic&quot;}\">\n\t\t\t\t<div class=\"elementor-element elementor-element-744b4a2 elementor-widget elementor-widget-image\" data-id=\"744b4a2\" data-element_type=\"widget\" data-e-type=\"widget\" data-widget_type=\"image.default\">\n\t\t\t\t<div class=\"elementor-widget-container\">\n\t\t\t\t\t\t\t\t\t\t\t\t\t\t\t<img decoding=\"async\" width=\"480\" height=\"360\" src=\"https:\/\/hatice-baran.com\/wp-content\/uploads\/IMG_3111-2-rotated-e1751011262896.jpg\" class=\"attachment-full size-full wp-image-865\" alt=\"\" srcset=\"https:\/\/hatice-baran.com\/wp-content\/uploads\/IMG_3111-2-rotated-e1751011262896.jpg 480w, https:\/\/hatice-baran.com\/wp-content\/uploads\/IMG_3111-2-rotated-e1751011262896-300x225.jpg 300w\" sizes=\"(max-width: 480px) 100vw, 480px\" \/>\t\t\t\t\t\t\t\t\t\t\t\t\t\t\t<\/div>\n\t\t\t\t<\/div>\n\t\t\t\t<div class=\"elementor-element elementor-element-923ad55 elementor-widget elementor-widget-hfe-infocard\" data-id=\"923ad55\" data-element_type=\"widget\" data-e-type=\"widget\" data-widget_type=\"hfe-infocard.default\">\n\t\t\t\t<div class=\"elementor-widget-container\">\n\t\t\t\t\t\n\t\t<div class=\"hfe-infocard\">\n\t\t\t\t\t\t\t\t\t<div class=\"hfe-infocard-title-wrap\">\n\t\t\t\t<h4 class=\"hfe-infocard-title elementor-inline-editing\" data-elementor-setting-key=\"infocard_title\" data-elementor-inline-editing-toolbar=\"basic\" >\u00c7ocuklar ve modern teknolojinin kullan\u0131m\u0131<\/h4>\t\t\t<\/div>\n\t\t\t\t\t\t<div class=\"hfe-infocard-text-wrap\">\n\t\t\t\t<div class=\"hfe-infocard-text elementor-inline-editing\" data-elementor-setting-key=\"infocard_description\" data-elementor-inline-editing-toolbar=\"advanced\">\n\t\t\t\t\tDijital oyunlar uzun zamand\u0131r \u00e7ocuklar\u0131n hayat\u0131n\u0131n bir par\u00e7as\u0131. Burada, ya\u015fa uygunluk, \u00f6\u011frenme de\u011feri ve medya dengesi g\u00f6z \u00f6n\u00fcnde bulundurularak dijital tekliflerin nas\u0131l mant\u0131kl\u0131 bir \u015fekilde kullan\u0131labilece\u011fini g\u00f6steriyorum. \u00c7\u00fcnk\u00fc her oyun iyi bir oyun de\u011fildir.\t\t\t\t<\/div>\n\t\t\t\t\t\t\t<\/div>\n\t\t<\/div>\n\n\t\t\t\t\t\t<\/div>\n\t\t\t\t<\/div>\n\t\t\t\t<div class=\"elementor-element elementor-element-7b8a2c6 elementor-widget elementor-widget-button\" data-id=\"7b8a2c6\" data-element_type=\"widget\" data-e-type=\"widget\" data-widget_type=\"button.default\">\n\t\t\t\t<div class=\"elementor-widget-container\">\n\t\t\t\t\t\t\t\t\t<div class=\"elementor-button-wrapper\">\n\t\t\t\t\t<a class=\"elementor-button elementor-button-link elementor-size-sm\" href=\"https:\/\/hatice-baran.com\/tr\/kinder-und-der-umgang-mit-moderner-technologie\/\">\n\t\t\t\t\t\t<span class=\"elementor-button-content-wrapper\">\n\t\t\t\t\t\t<span class=\"elementor-button-icon\">\n\t\t\t\t<i aria-hidden=\"true\" class=\"fas fa-long-arrow-alt-right\"><\/i>\t\t\t<\/span>\n\t\t\t\t\t\t\t\t\t<span class=\"elementor-button-text\">devam oku<\/span>\n\t\t\t\t\t<\/span>\n\t\t\t\t\t<\/a>\n\t\t\t\t<\/div>\n\t\t\t\t\t\t\t\t<\/div>\n\t\t\t\t<\/div>\n\t\t\t\t<\/div>\n\t\t\t\t\t<\/div>\n\t\t\t\t<\/div>\n\t\t\t\t<\/div>\n\t\t\t\t\t<\/div>\n\t\t\t\t<\/div>\n\t\t\t\t<\/div>","protected":false},"excerpt":{"rendered":"<p>Kind im Fokus Willkommen Ein Blog \u00fcber Kinder, Spiel &amp; Entwicklung Dieser Blog richtet sich an alle, die Kinder begleiten, verstehen und st\u00e4rken m\u00f6chtensei es als Elternteil, P\u00e4dagog:in oder einfach als Mensch mit Herz f\u00fcr die n\u00e4chste Generation. Hier dreht sich alles um die Frage: Wie k\u00f6nnen wir Kinder ganzheitlich f\u00f6rdern, ohne sie zu \u00fcberfordern? \ud83c\udfaf Was bedeutet \u201eKind im Fokus\u201c? \u201eKind im Fokus\u201c hei\u00dft f\u00fcr mich:\u27a1\ufe0f Kinder in ihrer Einzigartigkeit wahrnehmen\u27a1\ufe0f Entwicklung nicht beschleunigen, sondern begleiten\u27a1\ufe0f Spielen als Schl\u00fcssel zum Lernen begreifen\u27a1\ufe0f Bildung mit Beziehung denken \u2013 nicht mit Druck mehr Spielen-B\u00fccher- Digitale Spiele Spielen &#8211; Spielwelten Kinder spielen nicht einfach nur \u2013 sie verarbeiten, entdecken und wachsen. In diesem Bereich findest du Ideen, Gedanken und Impulse rund um das freie, kreative und entwicklungsf\u00f6rdernde Spiel. weiterlesen Wie gew\u00f6hne ich mein Kind ans Lesen? Fr\u00fches Lesen f\u00f6rdert nicht nur die Sprachentwicklung, sondern auch die emotionale und soziale Reife. Kinder, die regelm\u00e4\u00dfig B\u00fccher h\u00f6ren oder selbst lesen, erweitern ihren Wortschatz, lernen sich besser auszudr\u00fccken und st\u00e4rken ihr Einf\u00fchlungsverm\u00f6gen. weiterlesen Kinder und der Umgang mit moderner Technologie Digitale Spiele sind l\u00e4ngst Teil der kindlichen Lebenswelt. Hier zeige ich, wie digitale Angebote sinnvoll genutzt werden k\u00f6nnen \u2013 mit Blick auf Altersgerechtigkeit, Lernwert und Medienbalance. Denn nicht jedes Spiel ist gleich ein gutes Spiel. weiterlesen<\/p>","protected":false},"author":1,"featured_media":0,"parent":0,"menu_order":0,"comment_status":"closed","ping_status":"closed","template":"","meta":{"site-sidebar-layout":"no-sidebar","site-content-layout":"page-builder","ast-site-content-layout":"full-width-container","site-content-style":"unboxed","site-sidebar-style":"unboxed","ast-global-header-display":"","ast-banner-title-visibility":"","ast-main-header-display":"","ast-hfb-above-header-display":"","ast-hfb-below-header-display":"","ast-hfb-mobile-header-display":"","site-post-title":"disabled","ast-breadcrumbs-content":"","ast-featured-img":"disabled","footer-sml-layout":"","ast-disable-related-posts":"","theme-transparent-header-meta":"","adv-header-id-meta":"","stick-header-meta":"","header-above-stick-meta":"","header-main-stick-meta":"","header-below-stick-meta":"","astra-migrate-meta-layouts":"set","ast-page-background-enabled":"default","ast-page-background-meta":{"desktop":{"background-color":"","background-image":"","background-repeat":"repeat","background-position":"center center","background-size":"auto","background-attachment":"scroll","background-type":"","background-media":"","overlay-type":"","overlay-color":"","overlay-opacity":"","overlay-gradient":""},"tablet":{"background-color":"","background-image":"","background-repeat":"repeat","background-position":"center center","background-size":"auto","background-attachment":"scroll","background-type":"","background-media":"","overlay-type":"","overlay-color":"","overlay-opacity":"","overlay-gradient":""},"mobile":{"background-color":"","background-image":"","background-repeat":"repeat","background-position":"center center","background-size":"auto","background-attachment":"scroll","background-type":"","background-media":"","overlay-type":"","overlay-color":"","overlay-opacity":"","overlay-gradient":""}},"ast-content-background-meta":{"desktop":{"background-color":"var(--ast-global-color-5)","background-image":"","background-repeat":"repeat","background-position":"center center","background-size":"auto","background-attachment":"scroll","background-type":"","background-media":"","overlay-type":"","overlay-color":"","overlay-opacity":"","overlay-gradient":""},"tablet":{"background-color":"var(--ast-global-color-5)","background-image":"","background-repeat":"repeat","background-position":"center center","background-size":"auto","background-attachment":"scroll","background-type":"","background-media":"","overlay-type":"","overlay-color":"","overlay-opacity":"","overlay-gradient":""},"mobile":{"background-color":"var(--ast-global-color-5)","background-image":"","background-repeat":"repeat","background-position":"center center","background-size":"auto","background-attachment":"scroll","background-type":"","background-media":"","overlay-type":"","overlay-color":"","overlay-opacity":"","overlay-gradient":""}},"footnotes":""},"class_list":["post-650","page","type-page","status-publish","hentry"],"_links":{"self":[{"href":"https:\/\/hatice-baran.com\/tr\/wp-json\/wp\/v2\/pages\/650","targetHints":{"allow":["GET"]}}],"collection":[{"href":"https:\/\/hatice-baran.com\/tr\/wp-json\/wp\/v2\/pages"}],"about":[{"href":"https:\/\/hatice-baran.com\/tr\/wp-json\/wp\/v2\/types\/page"}],"author":[{"embeddable":true,"href":"https:\/\/hatice-baran.com\/tr\/wp-json\/wp\/v2\/users\/1"}],"replies":[{"embeddable":true,"href":"https:\/\/hatice-baran.com\/tr\/wp-json\/wp\/v2\/comments?post=650"}],"version-history":[{"count":79,"href":"https:\/\/hatice-baran.com\/tr\/wp-json\/wp\/v2\/pages\/650\/revisions"}],"predecessor-version":[{"id":1821,"href":"https:\/\/hatice-baran.com\/tr\/wp-json\/wp\/v2\/pages\/650\/revisions\/1821"}],"wp:attachment":[{"href":"https:\/\/hatice-baran.com\/tr\/wp-json\/wp\/v2\/media?parent=650"}],"curies":[{"name":"wp","href":"https:\/\/api.w.org\/{rel}","templated":true}]}}